{"id":293,"date":"2024-04-05T10:51:39","date_gmt":"2024-04-05T08:51:39","guid":{"rendered":"https:\/\/www.mymirage.it\/?post_type=product&#038;p=293"},"modified":"2024-04-10T14:58:22","modified_gmt":"2024-04-10T12:58:22","slug":"discover-deluxe","status":"publish","type":"product","link":"https:\/\/www.mymirage.it\/en\/prodotto\/discover-deluxe\/","title":{"rendered":"Discover Deluxe"},"content":{"rendered":"<p>Shopping elegante tra le vie della citt\u00e0.<\/p>\n<p>Lasciati guidare tra i negozi pi\u00f9 rinomati del centro storico di Verona. Un accompagnatore turistico si prender\u00e0 cura di te e ti accompagner\u00e0 in un percorso esclusivo per farti conoscere i negozi storici di prestigio e dedicarti all&#8217;acquisto di varie tipologie di prodotto.<br \/>\nConcentrarti sul tuo shopping, senza difficolt\u00e0 e problemi organizzati, con noi \u00e8 possibile.<br \/>\nCeramiche, pelletteria, stampe antiche, complementi d\u2019arredo, pezzi ricercati di antiquariato e molti altri tesori da scoprire.<br \/>\nUn itinerario studiato su misura, lungo il quale diverse sorprese ti aspettano per lasciarti dei ricordi esclusivi da portare con te.<br \/>\nTerminato il tour, potrai rilassarti con un aperitivo in una delle location pi\u00f9 suggestive e panoramiche nel cuore della citt\u00e0.<\/p>\n<p>Vivi tutto il piacere dello shopping di lusso senza pensieri.<\/p>\n<p>Durata: circa 3h<br \/>\nLingue: Ita\/Eng\/Deu\/Esp\/Rus<br \/>\nQuando: tutti i giorni tranne il luned\u00ec mattina, in 2 fasce orarie 10-13 e 16-19<\/p>\n","protected":false},"excerpt":{"rendered":"<p>Shopping elegante tra le vie della citt\u00e0. Lasciati guidare tra i negozi pi\u00f9 rinomati del centro storico di Verona. Un accompagnatore turistico si prender\u00e0 cura di te e ti accompagner\u00e0 in un percorso esclusivo per farti conoscere i negozi storici di prestigio e dedicarti all&#8217;acquisto di varie tipologie di prodotto. Concentrarti sul tuo shopping, senza difficolt\u00e0 e problemi organizzati, con &#8230; <\/p>\n<div><a href=\"https:\/\/www.mymirage.it\/en\/prodotto\/discover-deluxe\/\" class=\"more-link\">Read More<\/a><\/div>\n","protected":false},"featured_media":312,"comment_status":"open","ping_status":"closed","template":"","meta":{"_uag_custom_page_level_css":""},"product_brand":[],"product_cat":[30],"product_tag":[],"class_list":{"0":"post-293","1":"product","2":"type-product","3":"status-publish","4":"has-post-thumbnail","6":"product_cat-pacchetti","9":"first","10":"instock","11":"taxable","12":"shipping-taxable","13":"purchasable","14":"product-type-simple"},"uagb_featured_image_src":{"full":["https:\/\/www.mymirage.it\/wp-content\/uploads\/2024\/04\/sezioni-sito2-1.jpg",1000,1000,false],"thumbnail":["https:\/\/www.mymirage.it\/wp-content\/uploads\/2024\/04\/sezioni-sito2-1-150x150.jpg",150,150,true],"medium":["https:\/\/www.mymirage.it\/wp-content\/uploads\/2024\/04\/sezioni-sito2-1-300x300.jpg",300,300,true],"medium_large":["https:\/\/www.mymirage.it\/wp-content\/uploads\/2024\/04\/sezioni-sito2-1-768x768.jpg",768,768,true],"large":["https:\/\/www.mymirage.it\/wp-content\/uploads\/2024\/04\/sezioni-sito2-1.jpg",1000,1000,false],"1536x1536":["https:\/\/www.mymirage.it\/wp-content\/uploads\/2024\/04\/sezioni-sito2-1.jpg",1000,1000,false],"2048x2048":["https:\/\/www.mymirage.it\/wp-content\/uploads\/2024\/04\/sezioni-sito2-1.jpg",1000,1000,false],"woocommerce_thumbnail":["https:\/\/www.mymirage.it\/wp-content\/uploads\/2024\/04\/sezioni-sito2-1-300x300.jpg",300,300,true],"woocommerce_single":["https:\/\/www.mymirage.it\/wp-content\/uploads\/2024\/04\/sezioni-sito2-1-600x600.jpg",600,600,true],"woocommerce_gallery_thumbnail":["https:\/\/www.mymirage.it\/wp-content\/uploads\/2024\/04\/sezioni-sito2-1-100x100.jpg",100,100,true],"post-thumbnail":["https:\/\/www.mymirage.it\/wp-content\/uploads\/2024\/04\/sezioni-sito2-1-100x100.jpg",100,100,true],"entry":["https:\/\/www.mymirage.it\/wp-content\/uploads\/2024\/04\/sezioni-sito2-1.jpg",1000,1000,false],"entry-cropped":["https:\/\/www.mymirage.it\/wp-content\/uploads\/2024\/04\/sezioni-sito2-1-1000x671.jpg",1000,671,true],"entry-fullwidth":["https:\/\/www.mymirage.it\/wp-content\/uploads\/2024\/04\/sezioni-sito2-1.jpg",1000,1000,false],"entry-cropped-fullwidth":["https:\/\/www.mymirage.it\/wp-content\/uploads\/2024\/04\/sezioni-sito2-1-1000x671.jpg",1000,671,true]},"uagb_author_info":{"display_name":"gestione.sito","author_link":"https:\/\/www.mymirage.it\/en\/author\/"},"uagb_comment_info":0,"uagb_excerpt":"Shopping elegante tra le vie della citt\u00e0. Lasciati guidare tra i negozi pi\u00f9 rinomati del centro storico di Verona. Un accompagnatore turistico si prender\u00e0 cura di te e ti accompagner\u00e0 in un percorso esclusivo per farti conoscere i negozi storici di prestigio e dedicarti all&#8217;acquisto di varie tipologie di prodotto. Concentrarti sul tuo shopping, senza&hellip;","_links":{"self":[{"href":"https:\/\/www.mymirage.it\/en\/wp-json\/wp\/v2\/product\/293","targetHints":{"allow":["GET"]}}],"collection":[{"href":"https:\/\/www.mymirage.it\/en\/wp-json\/wp\/v2\/product"}],"about":[{"href":"https:\/\/www.mymirage.it\/en\/wp-json\/wp\/v2\/types\/product"}],"replies":[{"embeddable":true,"href":"https:\/\/www.mymirage.it\/en\/wp-json\/wp\/v2\/comments?post=293"}],"wp:featuredmedia":[{"embeddable":true,"href":"https:\/\/www.mymirage.it\/en\/wp-json\/wp\/v2\/media\/312"}],"wp:attachment":[{"href":"https:\/\/www.mymirage.it\/en\/wp-json\/wp\/v2\/media?parent=293"}],"wp:term":[{"taxonomy":"product_brand","embeddable":true,"href":"https:\/\/www.mymirage.it\/en\/wp-json\/wp\/v2\/product_brand?post=293"},{"taxonomy":"product_cat","embeddable":true,"href":"https:\/\/www.mymirage.it\/en\/wp-json\/wp\/v2\/product_cat?post=293"},{"taxonomy":"product_tag","embeddable":true,"href":"https:\/\/www.mymirage.it\/en\/wp-json\/wp\/v2\/product_tag?post=293"}],"curies":[{"name":"wp","href":"https:\/\/api.w.org\/{rel}","templated":true}]}}